{"id":2055,"date":"2018-12-21T15:48:34","date_gmt":"2018-12-21T15:48:34","guid":{"rendered":"https:\/\/koreutica.it\/?page_id=2055"},"modified":"2025-11-27T13:54:16","modified_gmt":"2025-11-27T13:54:16","slug":"show-dance","status":"publish","type":"page","link":"https:\/\/koreutica.it\/fr\/collections\/show-dance\/","title":{"rendered":"Show Dance"},"content":{"rendered":"<div id=\"cs-content\" class=\"cs-content\"><\/div>\n","protected":false},"excerpt":{"rendered":"<p>Show DanceSur cette page vous pouvez trouver la bonne inspiration pour les th\u00e8mes chor\u00e9graphiques. La nature, les nationalit\u00e9s, les fables, les p\u00e9riodes historiques, les com\u00e9dies musicales et tout ce que notre imagination peut produire TRIBUTE COLLECTION RAFFAELLA CARR\u00c02026202520242023202020192018<\/p>\n","protected":false},"author":1,"featured_media":0,"parent":1551,"menu_order":0,"comment_status":"closed","ping_status":"closed","template":"template-blank-4.php","meta":{"ngg_post_thumbnail":0,"footnotes":""},"class_list":["post-2055","page","type-page","status-publish","hentry","no-post-thumbnail"],"yoast_head":"<!-- This site is optimized with the Yoast SEO plugin v26.8 - https:\/\/yoast.com\/product\/yoast-seo-wordpress\/ -->\n<title>Show Dance - koreutica<\/title>\n<meta name=\"robots\" content=\"index, follow, max-snippet:-1, max-image-preview:large, max-video-preview:-1\" \/>\n<link rel=\"canonical\" href=\"https:\/\/koreutica.it\/fr\/collections\/show-dance\/\" \/>\n<meta property=\"og:locale\" content=\"fr_FR\" \/>\n<meta property=\"og:type\" content=\"article\" \/>\n<meta property=\"og:title\" content=\"Show Dance - koreutica\" \/>\n<meta property=\"og:description\" content=\"Show DanceSur cette page vous pouvez trouver la bonne inspiration pour les th\u00e8mes chor\u00e9graphiques. La nature, les nationalit\u00e9s, les fables, les p\u00e9riodes historiques, les com\u00e9dies musicales et tout ce que notre imagination peut produire TRIBUTE COLLECTION RAFFAELLA CARR\u00c02026202520242023202020192018\" \/>\n<meta property=\"og:url\" content=\"https:\/\/koreutica.it\/fr\/collections\/show-dance\/\" \/>\n<meta property=\"og:site_name\" content=\"koreutica\" \/>\n<meta property=\"article:modified_time\" content=\"2025-11-27T13:54:16+00:00\" \/>\n<meta name=\"twitter:card\" content=\"summary_large_image\" \/>\n<meta name=\"twitter:label1\" content=\"Dur\u00e9e de lecture estim\u00e9e\" \/>\n\t<meta name=\"twitter:data1\" content=\"5 minutes\" \/>\n<script type=\"application\/ld+json\" class=\"yoast-schema-graph\">{\"@context\":\"https:\/\/schema.org\",\"@graph\":[{\"@type\":\"WebPage\",\"@id\":\"https:\/\/koreutica.it\/fr\/collections\/show-dance\/\",\"url\":\"https:\/\/koreutica.it\/fr\/collections\/show-dance\/\",\"name\":\"Show Dance - koreutica\",\"isPartOf\":{\"@id\":\"https:\/\/koreutica.it\/fr\/#website\"},\"datePublished\":\"2018-12-21T15:48:34+00:00\",\"dateModified\":\"2025-11-27T13:54:16+00:00\",\"breadcrumb\":{\"@id\":\"https:\/\/koreutica.it\/fr\/collections\/show-dance\/#breadcrumb\"},\"inLanguage\":\"fr-FR\",\"potentialAction\":[{\"@type\":\"ReadAction\",\"target\":[\"https:\/\/koreutica.it\/fr\/collections\/show-dance\/\"]}]},{\"@type\":\"BreadcrumbList\",\"@id\":\"https:\/\/koreutica.it\/fr\/collections\/show-dance\/#breadcrumb\",\"itemListElement\":[{\"@type\":\"ListItem\",\"position\":1,\"name\":\"Home\",\"item\":\"https:\/\/koreutica.it\/fr\/homepage\/\"},{\"@type\":\"ListItem\",\"position\":2,\"name\":\"COLLECTIONS\",\"item\":\"https:\/\/koreutica.it\/fr\/collections\/\"},{\"@type\":\"ListItem\",\"position\":3,\"name\":\"Show Dance\"}]},{\"@type\":\"WebSite\",\"@id\":\"https:\/\/koreutica.it\/fr\/#website\",\"url\":\"https:\/\/koreutica.it\/fr\/\",\"name\":\"koreutica\",\"description\":\"\",\"potentialAction\":[{\"@type\":\"SearchAction\",\"target\":{\"@type\":\"EntryPoint\",\"urlTemplate\":\"https:\/\/koreutica.it\/fr\/?s={search_term_string}\"},\"query-input\":{\"@type\":\"PropertyValueSpecification\",\"valueRequired\":true,\"valueName\":\"search_term_string\"}}],\"inLanguage\":\"fr-FR\"}]}<\/script>\n<!-- \/ Yoast SEO plugin. -->","yoast_head_json":{"title":"Show Dance - koreutica","robots":{"index":"index","follow":"follow","max-snippet":"max-snippet:-1","max-image-preview":"max-image-preview:large","max-video-preview":"max-video-preview:-1"},"canonical":"https:\/\/koreutica.it\/fr\/collections\/show-dance\/","og_locale":"fr_FR","og_type":"article","og_title":"Show Dance - koreutica","og_description":"Show DanceSur cette page vous pouvez trouver la bonne inspiration pour les th\u00e8mes chor\u00e9graphiques. La nature, les nationalit\u00e9s, les fables, les p\u00e9riodes historiques, les com\u00e9dies musicales et tout ce que notre imagination peut produire TRIBUTE COLLECTION RAFFAELLA CARR\u00c02026202520242023202020192018","og_url":"https:\/\/koreutica.it\/fr\/collections\/show-dance\/","og_site_name":"koreutica","article_modified_time":"2025-11-27T13:54:16+00:00","twitter_card":"summary_large_image","twitter_misc":{"Dur\u00e9e de lecture estim\u00e9e":"5 minutes"},"schema":{"@context":"https:\/\/schema.org","@graph":[{"@type":"WebPage","@id":"https:\/\/koreutica.it\/fr\/collections\/show-dance\/","url":"https:\/\/koreutica.it\/fr\/collections\/show-dance\/","name":"Show Dance - koreutica","isPartOf":{"@id":"https:\/\/koreutica.it\/fr\/#website"},"datePublished":"2018-12-21T15:48:34+00:00","dateModified":"2025-11-27T13:54:16+00:00","breadcrumb":{"@id":"https:\/\/koreutica.it\/fr\/collections\/show-dance\/#breadcrumb"},"inLanguage":"fr-FR","potentialAction":[{"@type":"ReadAction","target":["https:\/\/koreutica.it\/fr\/collections\/show-dance\/"]}]},{"@type":"BreadcrumbList","@id":"https:\/\/koreutica.it\/fr\/collections\/show-dance\/#breadcrumb","itemListElement":[{"@type":"ListItem","position":1,"name":"Home","item":"https:\/\/koreutica.it\/fr\/homepage\/"},{"@type":"ListItem","position":2,"name":"COLLECTIONS","item":"https:\/\/koreutica.it\/fr\/collections\/"},{"@type":"ListItem","position":3,"name":"Show Dance"}]},{"@type":"WebSite","@id":"https:\/\/koreutica.it\/fr\/#website","url":"https:\/\/koreutica.it\/fr\/","name":"koreutica","description":"","potentialAction":[{"@type":"SearchAction","target":{"@type":"EntryPoint","urlTemplate":"https:\/\/koreutica.it\/fr\/?s={search_term_string}"},"query-input":{"@type":"PropertyValueSpecification","valueRequired":true,"valueName":"search_term_string"}}],"inLanguage":"fr-FR"}]}},"_links":{"self":[{"href":"https:\/\/koreutica.it\/fr\/wp-json\/wp\/v2\/pages\/2055","targetHints":{"allow":["GET"]}}],"collection":[{"href":"https:\/\/koreutica.it\/fr\/wp-json\/wp\/v2\/pages"}],"about":[{"href":"https:\/\/koreutica.it\/fr\/wp-json\/wp\/v2\/types\/page"}],"author":[{"embeddable":true,"href":"https:\/\/koreutica.it\/fr\/wp-json\/wp\/v2\/users\/1"}],"replies":[{"embeddable":true,"href":"https:\/\/koreutica.it\/fr\/wp-json\/wp\/v2\/comments?post=2055"}],"version-history":[{"count":12,"href":"https:\/\/koreutica.it\/fr\/wp-json\/wp\/v2\/pages\/2055\/revisions"}],"predecessor-version":[{"id":11835,"href":"https:\/\/koreutica.it\/fr\/wp-json\/wp\/v2\/pages\/2055\/revisions\/11835"}],"up":[{"embeddable":true,"href":"https:\/\/koreutica.it\/fr\/wp-json\/wp\/v2\/pages\/1551"}],"wp:attachment":[{"href":"https:\/\/koreutica.it\/fr\/wp-json\/wp\/v2\/media?parent=2055"}],"curies":[{"name":"wp","href":"https:\/\/api.w.org\/{rel}","templated":true}]}}