{"id":1956,"date":"2018-12-21T13:35:11","date_gmt":"2018-12-21T13:35:11","guid":{"rendered":"https:\/\/koreutica.it\/?page_id=1956"},"modified":"2026-02-24T12:25:55","modified_gmt":"2026-02-24T12:25:55","slug":"homepage","status":"publish","type":"page","link":"https:\/\/koreutica.it\/fr\/","title":{"rendered":"Homepage"},"content":{"rendered":"<div id=\"cs-content\" class=\"cs-content\"><\/div>\n","protected":false},"excerpt":{"rendered":"<p>SHOW 2026BACK TO SCHOOLSHOP ON LINECOLLECTIONSCOMMENT COMMANDERLOGOS ET IMPRESSIONSPERSONNALISEZCONTACTS\u00a0 \u00a0 \u00a0\u00a0 \u00a0 \u00a0\u00a0 \u00a0 \u00a0 ATTENZIONE! A causa di problemi tecnici le e-mail non sono attive. Per ordini o informazioni utilizzare il numero 345.42.79.733 KOREUTICA est une marque pr\u00e9sente sur le march\u00e9 du v\u00eatement de danse depuis de nombreuses ann\u00e9es. Avec la gestion de Spotlight P.D.S. la croissance a \u00e9t\u00e9 &#8230; <\/p>\n<div><a href=\"https:\/\/koreutica.it\/fr\/\" class=\"more-link\">Read More<\/a><\/div>\n","protected":false},"author":1,"featured_media":0,"parent":0,"menu_order":0,"comment_status":"closed","ping_status":"closed","template":"template-blank-8.php","meta":{"ngg_post_thumbnail":0,"footnotes":""},"class_list":["post-1956","page","type-page","status-publish","hentry","no-post-thumbnail"],"yoast_head":"<!-- This site is optimized with the Yoast SEO plugin v26.8 - https:\/\/yoast.com\/product\/yoast-seo-wordpress\/ -->\n<title>Homepage - koreutica<\/title>\n<meta name=\"robots\" content=\"index, follow, max-snippet:-1, max-image-preview:large, max-video-preview:-1\" \/>\n<link rel=\"canonical\" href=\"https:\/\/koreutica.it\/fr\/\" \/>\n<meta property=\"og:locale\" content=\"fr_FR\" \/>\n<meta property=\"og:type\" content=\"article\" \/>\n<meta property=\"og:title\" content=\"Homepage - koreutica\" \/>\n<meta property=\"og:description\" content=\"SHOW 2026BACK TO SCHOOLSHOP ON LINECOLLECTIONSCOMMENT COMMANDERLOGOS ET IMPRESSIONSPERSONNALISEZCONTACTS\u00a0 \u00a0 \u00a0\u00a0 \u00a0 \u00a0\u00a0 \u00a0 \u00a0 ATTENZIONE! A causa di problemi tecnici le e-mail non sono attive. Per ordini o informazioni utilizzare il numero 345.42.79.733 KOREUTICA est une marque pr\u00e9sente sur le march\u00e9 du v\u00eatement de danse depuis de nombreuses ann\u00e9es. Avec la gestion de Spotlight P.D.S. la croissance a \u00e9t\u00e9 ... Read More\" \/>\n<meta property=\"og:url\" content=\"https:\/\/koreutica.it\/fr\/\" \/>\n<meta property=\"og:site_name\" content=\"koreutica\" \/>\n<meta property=\"article:modified_time\" content=\"2026-02-24T12:25:55+00:00\" \/>\n<meta property=\"og:image\" content=\"https:\/\/koreutica.it\/wp-content\/uploads\/2020\/01\/ita-02.jpg\" \/>\n<meta name=\"twitter:card\" content=\"summary_large_image\" \/>\n<meta name=\"twitter:label1\" content=\"Dur\u00e9e de lecture estim\u00e9e\" \/>\n\t<meta name=\"twitter:data1\" content=\"7 minutes\" \/>\n<script type=\"application\/ld+json\" class=\"yoast-schema-graph\">{\"@context\":\"https:\/\/schema.org\",\"@graph\":[{\"@type\":\"WebPage\",\"@id\":\"https:\/\/koreutica.it\/fr\/\",\"url\":\"https:\/\/koreutica.it\/fr\/\",\"name\":\"Homepage - koreutica\",\"isPartOf\":{\"@id\":\"https:\/\/koreutica.it\/fr\/#website\"},\"primaryImageOfPage\":{\"@id\":\"https:\/\/koreutica.it\/fr\/#primaryimage\"},\"image\":{\"@id\":\"https:\/\/koreutica.it\/fr\/#primaryimage\"},\"thumbnailUrl\":\"https:\/\/koreutica.it\/wp-content\/uploads\/2020\/01\/ita-02.jpg\",\"datePublished\":\"2018-12-21T13:35:11+00:00\",\"dateModified\":\"2026-02-24T12:25:55+00:00\",\"breadcrumb\":{\"@id\":\"https:\/\/koreutica.it\/fr\/#breadcrumb\"},\"inLanguage\":\"fr-FR\",\"potentialAction\":[{\"@type\":\"ReadAction\",\"target\":[\"https:\/\/koreutica.it\/fr\/\"]}]},{\"@type\":\"ImageObject\",\"inLanguage\":\"fr-FR\",\"@id\":\"https:\/\/koreutica.it\/fr\/#primaryimage\",\"url\":\"https:\/\/koreutica.it\/wp-content\/uploads\/2020\/01\/ita-02.jpg\",\"contentUrl\":\"https:\/\/koreutica.it\/wp-content\/uploads\/2020\/01\/ita-02.jpg\"},{\"@type\":\"BreadcrumbList\",\"@id\":\"https:\/\/koreutica.it\/fr\/#breadcrumb\",\"itemListElement\":[{\"@type\":\"ListItem\",\"position\":1,\"name\":\"Home\",\"item\":\"https:\/\/koreutica.it\/fr\/homepage\/\"},{\"@type\":\"ListItem\",\"position\":2,\"name\":\"Homepage\"}]},{\"@type\":\"WebSite\",\"@id\":\"https:\/\/koreutica.it\/fr\/#website\",\"url\":\"https:\/\/koreutica.it\/fr\/\",\"name\":\"koreutica\",\"description\":\"\",\"potentialAction\":[{\"@type\":\"SearchAction\",\"target\":{\"@type\":\"EntryPoint\",\"urlTemplate\":\"https:\/\/koreutica.it\/fr\/?s={search_term_string}\"},\"query-input\":{\"@type\":\"PropertyValueSpecification\",\"valueRequired\":true,\"valueName\":\"search_term_string\"}}],\"inLanguage\":\"fr-FR\"}]}<\/script>\n<!-- \/ Yoast SEO plugin. -->","yoast_head_json":{"title":"Homepage - koreutica","robots":{"index":"index","follow":"follow","max-snippet":"max-snippet:-1","max-image-preview":"max-image-preview:large","max-video-preview":"max-video-preview:-1"},"canonical":"https:\/\/koreutica.it\/fr\/","og_locale":"fr_FR","og_type":"article","og_title":"Homepage - koreutica","og_description":"SHOW 2026BACK TO SCHOOLSHOP ON LINECOLLECTIONSCOMMENT COMMANDERLOGOS ET IMPRESSIONSPERSONNALISEZCONTACTS\u00a0 \u00a0 \u00a0\u00a0 \u00a0 \u00a0\u00a0 \u00a0 \u00a0 ATTENZIONE! A causa di problemi tecnici le e-mail non sono attive. Per ordini o informazioni utilizzare il numero 345.42.79.733 KOREUTICA est une marque pr\u00e9sente sur le march\u00e9 du v\u00eatement de danse depuis de nombreuses ann\u00e9es. Avec la gestion de Spotlight P.D.S. la croissance a \u00e9t\u00e9 ... Read More","og_url":"https:\/\/koreutica.it\/fr\/","og_site_name":"koreutica","article_modified_time":"2026-02-24T12:25:55+00:00","og_image":[{"url":"https:\/\/koreutica.it\/wp-content\/uploads\/2020\/01\/ita-02.jpg","type":"","width":"","height":""}],"twitter_card":"summary_large_image","twitter_misc":{"Dur\u00e9e de lecture estim\u00e9e":"7 minutes"},"schema":{"@context":"https:\/\/schema.org","@graph":[{"@type":"WebPage","@id":"https:\/\/koreutica.it\/fr\/","url":"https:\/\/koreutica.it\/fr\/","name":"Homepage - koreutica","isPartOf":{"@id":"https:\/\/koreutica.it\/fr\/#website"},"primaryImageOfPage":{"@id":"https:\/\/koreutica.it\/fr\/#primaryimage"},"image":{"@id":"https:\/\/koreutica.it\/fr\/#primaryimage"},"thumbnailUrl":"https:\/\/koreutica.it\/wp-content\/uploads\/2020\/01\/ita-02.jpg","datePublished":"2018-12-21T13:35:11+00:00","dateModified":"2026-02-24T12:25:55+00:00","breadcrumb":{"@id":"https:\/\/koreutica.it\/fr\/#breadcrumb"},"inLanguage":"fr-FR","potentialAction":[{"@type":"ReadAction","target":["https:\/\/koreutica.it\/fr\/"]}]},{"@type":"ImageObject","inLanguage":"fr-FR","@id":"https:\/\/koreutica.it\/fr\/#primaryimage","url":"https:\/\/koreutica.it\/wp-content\/uploads\/2020\/01\/ita-02.jpg","contentUrl":"https:\/\/koreutica.it\/wp-content\/uploads\/2020\/01\/ita-02.jpg"},{"@type":"BreadcrumbList","@id":"https:\/\/koreutica.it\/fr\/#breadcrumb","itemListElement":[{"@type":"ListItem","position":1,"name":"Home","item":"https:\/\/koreutica.it\/fr\/homepage\/"},{"@type":"ListItem","position":2,"name":"Homepage"}]},{"@type":"WebSite","@id":"https:\/\/koreutica.it\/fr\/#website","url":"https:\/\/koreutica.it\/fr\/","name":"koreutica","description":"","potentialAction":[{"@type":"SearchAction","target":{"@type":"EntryPoint","urlTemplate":"https:\/\/koreutica.it\/fr\/?s={search_term_string}"},"query-input":{"@type":"PropertyValueSpecification","valueRequired":true,"valueName":"search_term_string"}}],"inLanguage":"fr-FR"}]}},"_links":{"self":[{"href":"https:\/\/koreutica.it\/fr\/wp-json\/wp\/v2\/pages\/1956","targetHints":{"allow":["GET"]}}],"collection":[{"href":"https:\/\/koreutica.it\/fr\/wp-json\/wp\/v2\/pages"}],"about":[{"href":"https:\/\/koreutica.it\/fr\/wp-json\/wp\/v2\/types\/page"}],"author":[{"embeddable":true,"href":"https:\/\/koreutica.it\/fr\/wp-json\/wp\/v2\/users\/1"}],"replies":[{"embeddable":true,"href":"https:\/\/koreutica.it\/fr\/wp-json\/wp\/v2\/comments?post=1956"}],"version-history":[{"count":25,"href":"https:\/\/koreutica.it\/fr\/wp-json\/wp\/v2\/pages\/1956\/revisions"}],"predecessor-version":[{"id":11933,"href":"https:\/\/koreutica.it\/fr\/wp-json\/wp\/v2\/pages\/1956\/revisions\/11933"}],"wp:attachment":[{"href":"https:\/\/koreutica.it\/fr\/wp-json\/wp\/v2\/media?parent=1956"}],"curies":[{"name":"wp","href":"https:\/\/api.w.org\/{rel}","templated":true}]}}