{"id":936,"date":"2018-03-16T15:15:44","date_gmt":"2018-03-16T15:15:44","guid":{"rendered":"https:\/\/koreutica.it\/termini-e-condizioni\/"},"modified":"2018-09-26T13:45:12","modified_gmt":"2018-09-26T13:45:12","slug":"termini-e-condizioni","status":"publish","type":"page","link":"https:\/\/koreutica.it\/es\/termini-e-condizioni\/","title":{"rendered":"T\u00c9RMINOS Y CONDICIONES DE COMPRA"},"content":{"rendered":"<div id=\"cs-content\" class=\"cs-content\"><\/div>\n","protected":false},"excerpt":{"rendered":"<p>T\u00c9RMINOS Y CONDICIONES DE COMPRAC\u00d3MO PEDIR Descargue el formulario de pedido de nuestro sitio web www.koreutica.it y env\u00edelo a info@koreutica.it ingresando la informaci\u00f3n de facturaci\u00f3n y env\u00edo, el m\u00e9todo de pago elegido y cualquier informaci\u00f3n o solicitud para personalizar su pedido . CONFIRMACI\u00d3N DE PEDIDO La confirmaci\u00f3n del pedido se realizar\u00e1 por correo electr\u00f3nico, que indicar\u00e1 el n\u00famero de pedido &#8230; <\/p>\n<div><a href=\"https:\/\/koreutica.it\/es\/termini-e-condizioni\/\" class=\"more-link\">Read More<\/a><\/div>\n","protected":false},"author":1,"featured_media":0,"parent":0,"menu_order":0,"comment_status":"closed","ping_status":"closed","template":"template-blank-4.php","meta":{"ngg_post_thumbnail":0,"footnotes":""},"class_list":["post-936","page","type-page","status-publish","hentry","no-post-thumbnail"],"yoast_head":"<!-- This site is optimized with the Yoast SEO plugin v26.8 - https:\/\/yoast.com\/product\/yoast-seo-wordpress\/ -->\n<title>T\u00c9RMINOS Y CONDICIONES DE COMPRA - koreutica<\/title>\n<meta name=\"robots\" content=\"index, follow, max-snippet:-1, max-image-preview:large, max-video-preview:-1\" \/>\n<link rel=\"canonical\" href=\"https:\/\/koreutica.it\/es\/termini-e-condizioni\/\" \/>\n<meta property=\"og:locale\" content=\"es_ES\" \/>\n<meta property=\"og:type\" content=\"article\" \/>\n<meta property=\"og:title\" content=\"T\u00c9RMINOS Y CONDICIONES DE COMPRA - koreutica\" \/>\n<meta property=\"og:description\" content=\"T\u00c9RMINOS Y CONDICIONES DE COMPRAC\u00d3MO PEDIR Descargue el formulario de pedido de nuestro sitio web www.koreutica.it y env\u00edelo a info@koreutica.it ingresando la informaci\u00f3n de facturaci\u00f3n y env\u00edo, el m\u00e9todo de pago elegido y cualquier informaci\u00f3n o solicitud para personalizar su pedido . CONFIRMACI\u00d3N DE PEDIDO La confirmaci\u00f3n del pedido se realizar\u00e1 por correo electr\u00f3nico, que indicar\u00e1 el n\u00famero de pedido ... Read More\" \/>\n<meta property=\"og:url\" content=\"https:\/\/koreutica.it\/es\/termini-e-condizioni\/\" \/>\n<meta property=\"og:site_name\" content=\"koreutica\" \/>\n<meta property=\"article:modified_time\" content=\"2018-09-26T13:45:12+00:00\" \/>\n<meta name=\"twitter:card\" content=\"summary_large_image\" \/>\n<meta name=\"twitter:label1\" content=\"Tiempo de lectura\" \/>\n\t<meta name=\"twitter:data1\" content=\"4 minutos\" \/>\n<script type=\"application\/ld+json\" class=\"yoast-schema-graph\">{\"@context\":\"https:\/\/schema.org\",\"@graph\":[{\"@type\":\"WebPage\",\"@id\":\"https:\/\/koreutica.it\/es\/termini-e-condizioni\/\",\"url\":\"https:\/\/koreutica.it\/es\/termini-e-condizioni\/\",\"name\":\"T\u00c9RMINOS Y CONDICIONES DE COMPRA - koreutica\",\"isPartOf\":{\"@id\":\"https:\/\/koreutica.it\/es\/#website\"},\"datePublished\":\"2018-03-16T15:15:44+00:00\",\"dateModified\":\"2018-09-26T13:45:12+00:00\",\"breadcrumb\":{\"@id\":\"https:\/\/koreutica.it\/es\/termini-e-condizioni\/#breadcrumb\"},\"inLanguage\":\"es\",\"potentialAction\":[{\"@type\":\"ReadAction\",\"target\":[\"https:\/\/koreutica.it\/es\/termini-e-condizioni\/\"]}]},{\"@type\":\"BreadcrumbList\",\"@id\":\"https:\/\/koreutica.it\/es\/termini-e-condizioni\/#breadcrumb\",\"itemListElement\":[{\"@type\":\"ListItem\",\"position\":1,\"name\":\"Home\",\"item\":\"https:\/\/koreutica.it\/es\/koreutica\/\"},{\"@type\":\"ListItem\",\"position\":2,\"name\":\"T\u00c9RMINOS Y CONDICIONES DE COMPRA\"}]},{\"@type\":\"WebSite\",\"@id\":\"https:\/\/koreutica.it\/es\/#website\",\"url\":\"https:\/\/koreutica.it\/es\/\",\"name\":\"koreutica\",\"description\":\"\",\"potentialAction\":[{\"@type\":\"SearchAction\",\"target\":{\"@type\":\"EntryPoint\",\"urlTemplate\":\"https:\/\/koreutica.it\/es\/?s={search_term_string}\"},\"query-input\":{\"@type\":\"PropertyValueSpecification\",\"valueRequired\":true,\"valueName\":\"search_term_string\"}}],\"inLanguage\":\"es\"}]}<\/script>\n<!-- \/ Yoast SEO plugin. -->","yoast_head_json":{"title":"T\u00c9RMINOS Y CONDICIONES DE COMPRA - koreutica","robots":{"index":"index","follow":"follow","max-snippet":"max-snippet:-1","max-image-preview":"max-image-preview:large","max-video-preview":"max-video-preview:-1"},"canonical":"https:\/\/koreutica.it\/es\/termini-e-condizioni\/","og_locale":"es_ES","og_type":"article","og_title":"T\u00c9RMINOS Y CONDICIONES DE COMPRA - koreutica","og_description":"T\u00c9RMINOS Y CONDICIONES DE COMPRAC\u00d3MO PEDIR Descargue el formulario de pedido de nuestro sitio web www.koreutica.it y env\u00edelo a info@koreutica.it ingresando la informaci\u00f3n de facturaci\u00f3n y env\u00edo, el m\u00e9todo de pago elegido y cualquier informaci\u00f3n o solicitud para personalizar su pedido . CONFIRMACI\u00d3N DE PEDIDO La confirmaci\u00f3n del pedido se realizar\u00e1 por correo electr\u00f3nico, que indicar\u00e1 el n\u00famero de pedido ... Read More","og_url":"https:\/\/koreutica.it\/es\/termini-e-condizioni\/","og_site_name":"koreutica","article_modified_time":"2018-09-26T13:45:12+00:00","twitter_card":"summary_large_image","twitter_misc":{"Tiempo de lectura":"4 minutos"},"schema":{"@context":"https:\/\/schema.org","@graph":[{"@type":"WebPage","@id":"https:\/\/koreutica.it\/es\/termini-e-condizioni\/","url":"https:\/\/koreutica.it\/es\/termini-e-condizioni\/","name":"T\u00c9RMINOS Y CONDICIONES DE COMPRA - koreutica","isPartOf":{"@id":"https:\/\/koreutica.it\/es\/#website"},"datePublished":"2018-03-16T15:15:44+00:00","dateModified":"2018-09-26T13:45:12+00:00","breadcrumb":{"@id":"https:\/\/koreutica.it\/es\/termini-e-condizioni\/#breadcrumb"},"inLanguage":"es","potentialAction":[{"@type":"ReadAction","target":["https:\/\/koreutica.it\/es\/termini-e-condizioni\/"]}]},{"@type":"BreadcrumbList","@id":"https:\/\/koreutica.it\/es\/termini-e-condizioni\/#breadcrumb","itemListElement":[{"@type":"ListItem","position":1,"name":"Home","item":"https:\/\/koreutica.it\/es\/koreutica\/"},{"@type":"ListItem","position":2,"name":"T\u00c9RMINOS Y CONDICIONES DE COMPRA"}]},{"@type":"WebSite","@id":"https:\/\/koreutica.it\/es\/#website","url":"https:\/\/koreutica.it\/es\/","name":"koreutica","description":"","potentialAction":[{"@type":"SearchAction","target":{"@type":"EntryPoint","urlTemplate":"https:\/\/koreutica.it\/es\/?s={search_term_string}"},"query-input":{"@type":"PropertyValueSpecification","valueRequired":true,"valueName":"search_term_string"}}],"inLanguage":"es"}]}},"_links":{"self":[{"href":"https:\/\/koreutica.it\/es\/wp-json\/wp\/v2\/pages\/936","targetHints":{"allow":["GET"]}}],"collection":[{"href":"https:\/\/koreutica.it\/es\/wp-json\/wp\/v2\/pages"}],"about":[{"href":"https:\/\/koreutica.it\/es\/wp-json\/wp\/v2\/types\/page"}],"author":[{"embeddable":true,"href":"https:\/\/koreutica.it\/es\/wp-json\/wp\/v2\/users\/1"}],"replies":[{"embeddable":true,"href":"https:\/\/koreutica.it\/es\/wp-json\/wp\/v2\/comments?post=936"}],"version-history":[{"count":0,"href":"https:\/\/koreutica.it\/es\/wp-json\/wp\/v2\/pages\/936\/revisions"}],"wp:attachment":[{"href":"https:\/\/koreutica.it\/es\/wp-json\/wp\/v2\/media?parent=936"}],"curies":[{"name":"wp","href":"https:\/\/api.w.org\/{rel}","templated":true}]}}